{"id":95,"date":"2025-09-13T22:06:06","date_gmt":"2025-09-13T22:06:06","guid":{"rendered":"https:\/\/elmejorcontador.com.co\/?page_id=95"},"modified":"2025-09-14T02:07:48","modified_gmt":"2025-09-14T02:07:48","slug":"mi-perfil","status":"publish","type":"page","link":"https:\/\/elmejorcontador.com.co\/?page_id=95","title":{"rendered":"Mi perfil"},"content":{"rendered":"\n<div class=\"wp-block-group is-layout-flow wp-block-group-is-layout-flow\" style=\"margin-top:0px;margin-bottom:0px\">\n<div class=\"wp-block-cover is-light\" style=\"padding-top:50px;padding-right:20px;padding-bottom:50px;padding-left:20px;min-height:650px;aspect-ratio:unset;\"><img decoding=\"async\" class=\"wp-block-cover__image-background wp-image-52\" alt=\"\" src=\"https:\/\/elmejorcontador.com.co\/wp-content\/themes\/innovategrove\/assets\/images\/about.jpg\" data-object-fit=\"cover\"\/><span aria-hidden=\"true\" class=\"wp-block-cover__background has-white-background-color has-background-dim-100 has-background-dim\"><\/span><div class=\"wp-block-cover__inner-container has-global-padding is-layout-constrained wp-container-core-cover-is-layout-85cac763 wp-block-cover-is-layout-constrained\">\n<div class=\"wp-block-group wow animate__animated animate__slideInUp animate__delay-1s has-global-padding is-layout-constrained wp-block-group-is-layout-constrained\">\n<p class=\"has-text-align-center has-sml-medium-font-size\" style=\"font-style:normal;font-weight:700;letter-spacing:1px;line-height:1.5;text-transform:uppercase\">MI CONOCIMIENTO<\/p>\n\n\n\n<h2 class=\"wp-block-heading has-text-align-center has-primary-color has-text-color has-link-color wp-elements-303e49f9577931f9c08b9a19d807426a\" style=\"margin-top:5px;margin-bottom:0;padding-bottom:50px;line-height:1.2\">Credenciales acad\u00e9micas<\/h2>\n\n\n\n<div class=\"wp-block-columns is-layout-flex wp-container-core-columns-is-layout-28f84493 wp-block-columns-is-layout-flex\">\n<div class=\"wp-block-column is-layout-flow wp-block-column-is-layout-flow\">\n<div class=\"wp-block-group has-border-color has-contrast-border-color has-global-padding is-layout-constrained wp-container-core-group-is-layout-178dc5e1 wp-block-group-is-layout-constrained\" style=\"border-width:1px;padding-top:40px;padding-right:40px;padding-bottom:40px;padding-left:40px\">\n<h3 class=\"wp-block-heading has-text-align-center has-primary-color has-text-color has-link-color wp-elements-ca90f60f2cefedc4e022342bd5c23382\" style=\"margin-top:0;margin-bottom:0;line-height:1.2\">Contador p\u00fablico<\/h3>\n\n\n\n<p class=\"has-text-align-center has-primary-color has-text-color has-link-color wp-elements-34583e39ab944d3ec1a860dbed4cf920\" style=\"margin-top:0;margin-bottom:0;padding-top:24px;padding-bottom:0px\">Universidad Libre de Colombia<\/p>\n\n\n\n<p class=\"has-text-align-center has-primary-color has-text-color has-link-color wp-elements-e8c0799925551f63c6f853e5706e4dfb\" style=\"margin-top:0;margin-bottom:0;padding-top:0px;padding-right:0;padding-bottom:30px\">1982 \u2013 1988          <\/p>\n<\/div>\n<\/div>\n\n\n\n<div class=\"wp-block-column is-layout-flow wp-block-column-is-layout-flow\">\n<div class=\"wp-block-group has-border-color has-contrast-border-color has-global-padding is-layout-constrained wp-container-core-group-is-layout-178dc5e1 wp-block-group-is-layout-constrained\" style=\"border-width:1px;padding-top:40px;padding-right:40px;padding-bottom:40px;padding-left:40px\">\n<h4 class=\"wp-block-heading has-text-align-center has-primary-color has-text-color has-link-color wp-elements-4262dd16d153eb0fcd7201e5602b95ee\" style=\"margin-top:0;margin-bottom:0;line-height:1.2\"><strong>Diplomado &#8211; Normas internacionales de informaci\u00f3n financiera (Participante)<\/strong><\/h4>\n\n\n\n<p class=\"has-text-align-center has-primary-color has-text-color has-link-color wp-elements-4377a157cba63b54609cb762d3f4cb9e\" style=\"margin-top:0;margin-bottom:0;padding-top:24px;padding-bottom:0px\">C\u00e1mara Comercio de Bogot\u00e1<\/p>\n\n\n\n<p class=\"has-text-align-center has-primary-color has-text-color has-link-color wp-elements-108157d5cf6e40c3e93e3a4bca125dd9\" style=\"margin-top:0;margin-bottom:0;padding-top:0px;padding-bottom:30px\">2015<\/p>\n<\/div>\n<\/div>\n\n\n\n<div class=\"wp-block-column is-layout-flow wp-block-column-is-layout-flow\">\n<div class=\"wp-block-group has-border-color has-contrast-border-color has-global-padding is-layout-constrained wp-container-core-group-is-layout-178dc5e1 wp-block-group-is-layout-constrained\" style=\"border-width:1px;padding-top:40px;padding-right:40px;padding-bottom:40px;padding-left:40px\">\n<h4 class=\"wp-block-heading has-text-align-center has-primary-color has-text-color has-link-color wp-elements-158446d85c25685c81b6043866d3eee9\" style=\"margin-top:0;margin-bottom:0;line-height:1.2\"><strong>Seminario &#8211; Elaboraci\u00f3n de declaraci\u00f3n de renta personas naturales (Profesor)<\/strong><\/h4>\n\n\n\n<p class=\"has-text-align-center has-primary-color has-text-color has-link-color wp-elements-765260a941d809c5c18e5477cfbd6989\" style=\"margin-top:0;margin-bottom:0;padding-top:24px;padding-bottom:30px\">2016<\/p>\n<\/div>\n<\/div>\n<\/div>\n\n\n\n<div class=\"wp-block-columns is-layout-flex wp-container-core-columns-is-layout-28f84493 wp-block-columns-is-layout-flex\">\n<div class=\"wp-block-column is-layout-flow wp-block-column-is-layout-flow\">\n<div class=\"wp-block-group has-border-color has-contrast-border-color has-global-padding is-layout-constrained wp-container-core-group-is-layout-178dc5e1 wp-block-group-is-layout-constrained\" style=\"border-width:1px;padding-top:40px;padding-right:40px;padding-bottom:40px;padding-left:40px\">\n<h4 class=\"wp-block-heading has-text-align-center has-primary-color has-text-color has-link-color wp-elements-276d6fae40f15b9567836cca50882eae\" style=\"margin-top:0;margin-bottom:0;line-height:1.2\"><strong>Seminario &#8211; Las NIIF al alcance de todos (Profesor)<\/strong><\/h4>\n\n\n\n<p class=\"has-text-align-center has-primary-color has-text-color has-link-color wp-elements-0840299e3f83cbf410aed322dccbd9c5\" style=\"margin-top:0;margin-bottom:0;padding-top:24px;padding-bottom:30px\">2018  <\/p>\n<\/div>\n<\/div>\n\n\n\n<div class=\"wp-block-column is-layout-flow wp-block-column-is-layout-flow\">\n<div class=\"wp-block-group has-border-color has-contrast-border-color has-global-padding is-layout-constrained wp-container-core-group-is-layout-178dc5e1 wp-block-group-is-layout-constrained\" style=\"border-width:1px;padding-top:40px;padding-right:40px;padding-bottom:40px;padding-left:40px\">\n<h4 class=\"wp-block-heading has-text-align-center has-primary-color has-text-color has-link-color wp-elements-f5fc6bb8cd6462e34d7d39c2087efeb4\" style=\"margin-top:0;margin-bottom:0;line-height:1.2\"><strong>Taller pr\u00e1ctico \u2013 Declaraci\u00f3n de renta personas jur\u00eddicas (A\u00f1o gravable 2019) (Profesor)<\/strong><\/h4>\n\n\n\n<p class=\"has-text-align-center has-primary-color has-text-color has-link-color wp-elements-8213355fcd2d2096da06198ad67e0d04\" style=\"margin-top:0;margin-bottom:0;padding-top:24px;padding-bottom:0px\">COLPUSOC<\/p>\n\n\n\n<p class=\"has-text-align-center has-primary-color has-text-color has-link-color wp-elements-d153438d6b34f0820941e9185e7a9d3f\" style=\"margin-top:0;margin-bottom:0;padding-top:0px;padding-bottom:30px\">2020<\/p>\n<\/div>\n<\/div>\n\n\n\n<div class=\"wp-block-column is-layout-flow wp-block-column-is-layout-flow\"><\/div>\n<\/div>\n<\/div>\n<\/div><\/div>\n<\/div>\n\n\n\n<div class=\"wp-block-group is-layout-flow wp-block-group-is-layout-flow\" style=\"margin-top:0px;margin-bottom:0px\">\n<div class=\"wp-block-cover is-light\" style=\"padding-top:50px;padding-right:20px;padding-bottom:50px;padding-left:20px;min-height:650px;aspect-ratio:unset;\"><img decoding=\"async\" class=\"wp-block-cover__image-background wp-image-52\" alt=\"\" src=\"https:\/\/elmejorcontador.com.co\/wp-content\/themes\/innovategrove\/assets\/images\/about.jpg\" data-object-fit=\"cover\"\/><span aria-hidden=\"true\" class=\"wp-block-cover__background has-button-hover-text-color-background-color has-background-dim-100 has-background-dim\"><\/span><div class=\"wp-block-cover__inner-container has-global-padding is-layout-constrained wp-container-core-cover-is-layout-85cac763 wp-block-cover-is-layout-constrained\">\n<div class=\"wp-block-group wow animate__animated animate__slideInUp animate__delay-1s has-global-padding is-layout-constrained wp-block-group-is-layout-constrained\">\n<p class=\"has-text-align-center has-sml-medium-font-size\" style=\"font-style:normal;font-weight:700;letter-spacing:1px;line-height:1.5;text-transform:uppercase\">MI TRABAJO<\/p>\n\n\n\n<h2 class=\"wp-block-heading has-text-align-center has-primary-color has-text-color has-link-color wp-elements-bf473a41804d350dc57fa25773f4831c\" style=\"margin-top:5px;margin-bottom:0;padding-bottom:50px;line-height:1.2\">Experiencia laboral<\/h2>\n\n\n\n<div class=\"wp-block-columns is-layout-flex wp-container-core-columns-is-layout-28f84493 wp-block-columns-is-layout-flex\">\n<div class=\"wp-block-column is-layout-flow wp-block-column-is-layout-flow\">\n<div class=\"wp-block-group has-border-color has-contrast-border-color has-white-background-color has-background has-global-padding is-layout-constrained wp-container-core-group-is-layout-178dc5e1 wp-block-group-is-layout-constrained\" style=\"border-width:1px;padding-top:40px;padding-right:40px;padding-bottom:40px;padding-left:40px\">\n<h3 class=\"wp-block-heading has-text-align-center has-primary-color has-text-color has-link-color wp-elements-ca90f60f2cefedc4e022342bd5c23382\" style=\"margin-top:0;margin-bottom:0;line-height:1.2\">Contador p\u00fablico<\/h3>\n\n\n\n<p class=\"has-text-align-center has-primary-color has-text-color has-link-color wp-elements-d46b936903e8ca31e7f6be2103bdea72\" style=\"margin-top:0;margin-bottom:0;padding-top:24px\"><strong>1989 \u2013 ACTUALMENTE<\/strong><\/p>\n\n\n\n<p class=\"has-text-align-center has-primary-color has-text-color has-link-color wp-elements-49c0468ec15eb16e6a5b14134c9236b8\" style=\"margin-top:0;margin-bottom:0;padding-bottom:30px\">* Dar fe p\u00fablica sobre los hechos econ\u00f3micos y certificar los estados financieros. * Todas las actividades relacionadas con la ciencia contable, tributaria, sistemas de informaci\u00f3n de la empresa, los costos, etc. * Ser garante de todos los hechos econ\u00f3micos.<\/p>\n<\/div>\n<\/div>\n\n\n\n<div class=\"wp-block-column is-layout-flow wp-block-column-is-layout-flow\">\n<div class=\"wp-block-group has-border-color has-contrast-border-color has-white-background-color has-background has-global-padding is-layout-constrained wp-container-core-group-is-layout-178dc5e1 wp-block-group-is-layout-constrained\" style=\"border-width:1px;padding-top:40px;padding-right:40px;padding-bottom:40px;padding-left:40px\">\n<h3 class=\"wp-block-heading has-text-align-center has-primary-color has-text-color has-link-color wp-elements-684a93781c117e0b27297d75feed77c3\" style=\"margin-top:0;margin-bottom:0;line-height:1.2\">Revisor fiscal<\/h3>\n\n\n\n<p class=\"has-text-align-center has-primary-color has-text-color has-link-color wp-elements-7bfe921576f6a6d99d2e1f8504ecdc05\" style=\"margin-top:0;margin-bottom:0;padding-top:24px;padding-bottom:0px\"><strong>2011 \u2013 ACTUALMENTE<\/strong><\/p>\n\n\n\n<p class=\"has-text-align-center has-primary-color has-text-color has-link-color wp-elements-24b262ada574a3b076ada0972dd8ed54\" style=\"margin-top:0;margin-bottom:0;padding-bottom:30px\">* Dar fe p\u00fablica sobre los hechos econ\u00f3micos y certificar los estados financieros. * Cerciorarse que las operaciones celebradas por la sociedad, se ajusten a las prescripciones de los estatutos, a las decisiones de la asamblea general, la junta directiva o las decisiones de la junta de socios.<\/p>\n<\/div>\n<\/div>\n<\/div>\n\n\n\n<div class=\"wp-block-columns is-layout-flex wp-container-core-columns-is-layout-28f84493 wp-block-columns-is-layout-flex\">\n<div class=\"wp-block-column is-layout-flow wp-block-column-is-layout-flow\">\n<div class=\"wp-block-group has-border-color has-contrast-border-color has-white-background-color has-background has-global-padding is-layout-constrained wp-container-core-group-is-layout-178dc5e1 wp-block-group-is-layout-constrained\" style=\"border-width:1px;padding-top:40px;padding-right:40px;padding-bottom:40px;padding-left:40px\">\n<h3 class=\"wp-block-heading has-text-align-center has-primary-color has-text-color has-link-color wp-elements-0a2425f63ac2277f58e5aeb21b209363\" style=\"margin-top:0;margin-bottom:0;line-height:1.2\">Docente universitario<\/h3>\n\n\n\n<p class=\"has-text-align-center has-primary-color has-text-color has-link-color wp-elements-57428f0c40911191e24566bcca7fecc8\" style=\"margin-top:0;margin-bottom:0;padding-top:24px\"><strong>2015 \u2013 ACTUALMENTE<\/strong><\/p>\n\n\n\n<p class=\"has-text-align-center has-primary-color has-text-color has-link-color wp-elements-5c8087d110b385233f9f25722d9b6002\" style=\"margin-top:0;margin-bottom:0;padding-bottom:30px\">* Charlas y conferencias a nivel nacional. * Educar a los estudiantes de Contadur\u00eda Publica en el manejo t\u00e9cnico de n\u00f3minas, aportes parafiscales, prestaciones sociales y sus implicaciones tributarias.<\/p>\n<\/div>\n<\/div>\n\n\n\n<div class=\"wp-block-column is-layout-flow wp-block-column-is-layout-flow\"><\/div>\n<\/div>\n<\/div>\n<\/div><\/div>\n<\/div>\n\n\n\n<blockquote class=\"wp-block-quote has-text-align-right has-secondary-color has-text-color has-link-color has-xx-large-font-size wp-elements-2861c56653607cdf34a0894c733d164c is-layout-flow wp-block-quote-is-layout-flow\">\n<p class=\"has-text-align-center has-secondary-color has-text-color has-link-color has-large-font-size wp-elements-681c649762ed43b4ad6efffd492e2cc0\"><em>\u201cEn un pa\u00eds donde constantemente las normas cambian, se necesita de un gran esfuerzo para poder afirmar con claridad:\u00a0<em>hacemos las cosas bien o no las hacemos\u201d.<\/em><\/em><\/p>\n<cite><strong>DOUGLAS ESP\u00cdNDOLA<\/strong><\/cite><\/blockquote>\n","protected":false},"excerpt":{"rendered":"","protected":false},"author":1,"featured_media":0,"parent":0,"menu_order":1,"comment_status":"closed","ping_status":"closed","template":"","meta":{"footnotes":""},"class_list":["post-95","page","type-page","status-publish","hentry"],"yoast_head":"<!-- This site is optimized with the Yoast SEO plugin v27.4 - https:\/\/yoast.com\/product\/yoast-seo-wordpress\/ -->\n<title>Mi perfil - DOUGLAS ESP\u00cdNDOLA \/ Contador P\u00fablico<\/title>\n<meta name=\"robots\" content=\"index, follow, max-snippet:-1, max-image-preview:large, max-video-preview:-1\" \/>\n<link rel=\"canonical\" href=\"https:\/\/elmejorcontador.com.co\/?page_id=95\" \/>\n<meta property=\"og:locale\" content=\"es_ES\" \/>\n<meta property=\"og:type\" content=\"article\" \/>\n<meta property=\"og:title\" content=\"Mi perfil - DOUGLAS ESP\u00cdNDOLA \/ Contador P\u00fablico\" \/>\n<meta property=\"og:url\" content=\"https:\/\/elmejorcontador.com.co\/?page_id=95\" \/>\n<meta property=\"og:site_name\" content=\"DOUGLAS ESP\u00cdNDOLA \/ Contador P\u00fablico\" \/>\n<meta property=\"article:modified_time\" content=\"2025-09-14T02:07:48+00:00\" \/>\n<meta name=\"twitter:card\" content=\"summary_large_image\" \/>\n<meta name=\"twitter:label1\" content=\"Tiempo de lectura\" \/>\n\t<meta name=\"twitter:data1\" content=\"1 minuto\" \/>\n<script type=\"application\/ld+json\" class=\"yoast-schema-graph\">{\"@context\":\"https:\\\/\\\/schema.org\",\"@graph\":[{\"@type\":\"WebPage\",\"@id\":\"https:\\\/\\\/elmejorcontador.com.co\\\/?page_id=95\",\"url\":\"https:\\\/\\\/elmejorcontador.com.co\\\/?page_id=95\",\"name\":\"Mi perfil - DOUGLAS ESP\u00cdNDOLA \\\/ Contador P\u00fablico\",\"isPartOf\":{\"@id\":\"https:\\\/\\\/elmejorcontador.com.co\\\/#website\"},\"primaryImageOfPage\":{\"@id\":\"https:\\\/\\\/elmejorcontador.com.co\\\/?page_id=95#primaryimage\"},\"image\":{\"@id\":\"https:\\\/\\\/elmejorcontador.com.co\\\/?page_id=95#primaryimage\"},\"thumbnailUrl\":\"https:\\\/\\\/elmejorcontador.com.co\\\/wp-content\\\/themes\\\/innovategrove\\\/assets\\\/images\\\/about.jpg\",\"datePublished\":\"2025-09-13T22:06:06+00:00\",\"dateModified\":\"2025-09-14T02:07:48+00:00\",\"breadcrumb\":{\"@id\":\"https:\\\/\\\/elmejorcontador.com.co\\\/?page_id=95#breadcrumb\"},\"inLanguage\":\"es\",\"potentialAction\":[{\"@type\":\"ReadAction\",\"target\":[\"https:\\\/\\\/elmejorcontador.com.co\\\/?page_id=95\"]}]},{\"@type\":\"ImageObject\",\"inLanguage\":\"es\",\"@id\":\"https:\\\/\\\/elmejorcontador.com.co\\\/?page_id=95#primaryimage\",\"url\":\"\",\"contentUrl\":\"\"},{\"@type\":\"BreadcrumbList\",\"@id\":\"https:\\\/\\\/elmejorcontador.com.co\\\/?page_id=95#breadcrumb\",\"itemListElement\":[{\"@type\":\"ListItem\",\"position\":1,\"name\":\"Portada\",\"item\":\"https:\\\/\\\/elmejorcontador.com.co\\\/\"},{\"@type\":\"ListItem\",\"position\":2,\"name\":\"Mi perfil\"}]},{\"@type\":\"WebSite\",\"@id\":\"https:\\\/\\\/elmejorcontador.com.co\\\/#website\",\"url\":\"https:\\\/\\\/elmejorcontador.com.co\\\/\",\"name\":\"DOUGLAS ESP\u00cdNDOLA \\\/ Contador P\u00fablico\",\"description\":\"\",\"potentialAction\":[{\"@type\":\"SearchAction\",\"target\":{\"@type\":\"EntryPoint\",\"urlTemplate\":\"https:\\\/\\\/elmejorcontador.com.co\\\/?s={search_term_string}\"},\"query-input\":{\"@type\":\"PropertyValueSpecification\",\"valueRequired\":true,\"valueName\":\"search_term_string\"}}],\"inLanguage\":\"es\"}]}<\/script>\n<!-- \/ Yoast SEO plugin. -->","yoast_head_json":{"title":"Mi perfil - DOUGLAS ESP\u00cdNDOLA \/ Contador P\u00fablico","robots":{"index":"index","follow":"follow","max-snippet":"max-snippet:-1","max-image-preview":"max-image-preview:large","max-video-preview":"max-video-preview:-1"},"canonical":"https:\/\/elmejorcontador.com.co\/?page_id=95","og_locale":"es_ES","og_type":"article","og_title":"Mi perfil - DOUGLAS ESP\u00cdNDOLA \/ Contador P\u00fablico","og_url":"https:\/\/elmejorcontador.com.co\/?page_id=95","og_site_name":"DOUGLAS ESP\u00cdNDOLA \/ Contador P\u00fablico","article_modified_time":"2025-09-14T02:07:48+00:00","twitter_card":"summary_large_image","twitter_misc":{"Tiempo de lectura":"1 minuto"},"schema":{"@context":"https:\/\/schema.org","@graph":[{"@type":"WebPage","@id":"https:\/\/elmejorcontador.com.co\/?page_id=95","url":"https:\/\/elmejorcontador.com.co\/?page_id=95","name":"Mi perfil - DOUGLAS ESP\u00cdNDOLA \/ Contador P\u00fablico","isPartOf":{"@id":"https:\/\/elmejorcontador.com.co\/#website"},"primaryImageOfPage":{"@id":"https:\/\/elmejorcontador.com.co\/?page_id=95#primaryimage"},"image":{"@id":"https:\/\/elmejorcontador.com.co\/?page_id=95#primaryimage"},"thumbnailUrl":"https:\/\/elmejorcontador.com.co\/wp-content\/themes\/innovategrove\/assets\/images\/about.jpg","datePublished":"2025-09-13T22:06:06+00:00","dateModified":"2025-09-14T02:07:48+00:00","breadcrumb":{"@id":"https:\/\/elmejorcontador.com.co\/?page_id=95#breadcrumb"},"inLanguage":"es","potentialAction":[{"@type":"ReadAction","target":["https:\/\/elmejorcontador.com.co\/?page_id=95"]}]},{"@type":"ImageObject","inLanguage":"es","@id":"https:\/\/elmejorcontador.com.co\/?page_id=95#primaryimage","url":"","contentUrl":""},{"@type":"BreadcrumbList","@id":"https:\/\/elmejorcontador.com.co\/?page_id=95#breadcrumb","itemListElement":[{"@type":"ListItem","position":1,"name":"Portada","item":"https:\/\/elmejorcontador.com.co\/"},{"@type":"ListItem","position":2,"name":"Mi perfil"}]},{"@type":"WebSite","@id":"https:\/\/elmejorcontador.com.co\/#website","url":"https:\/\/elmejorcontador.com.co\/","name":"DOUGLAS ESP\u00cdNDOLA \/ Contador P\u00fablico","description":"","potentialAction":[{"@type":"SearchAction","target":{"@type":"EntryPoint","urlTemplate":"https:\/\/elmejorcontador.com.co\/?s={search_term_string}"},"query-input":{"@type":"PropertyValueSpecification","valueRequired":true,"valueName":"search_term_string"}}],"inLanguage":"es"}]}},"_links":{"self":[{"href":"https:\/\/elmejorcontador.com.co\/index.php?rest_route=\/wp\/v2\/pages\/95","targetHints":{"allow":["GET"]}}],"collection":[{"href":"https:\/\/elmejorcontador.com.co\/index.php?rest_route=\/wp\/v2\/pages"}],"about":[{"href":"https:\/\/elmejorcontador.com.co\/index.php?rest_route=\/wp\/v2\/types\/page"}],"author":[{"embeddable":true,"href":"https:\/\/elmejorcontador.com.co\/index.php?rest_route=\/wp\/v2\/users\/1"}],"replies":[{"embeddable":true,"href":"https:\/\/elmejorcontador.com.co\/index.php?rest_route=%2Fwp%2Fv2%2Fcomments&post=95"}],"version-history":[{"count":15,"href":"https:\/\/elmejorcontador.com.co\/index.php?rest_route=\/wp\/v2\/pages\/95\/revisions"}],"predecessor-version":[{"id":182,"href":"https:\/\/elmejorcontador.com.co\/index.php?rest_route=\/wp\/v2\/pages\/95\/revisions\/182"}],"wp:attachment":[{"href":"https:\/\/elmejorcontador.com.co\/index.php?rest_route=%2Fwp%2Fv2%2Fmedia&parent=95"}],"curies":[{"name":"wp","href":"https:\/\/api.w.org\/{rel}","templated":true}]}}